{"id":794,"date":"2026-01-19T08:27:45","date_gmt":"2026-01-19T08:27:45","guid":{"rendered":"https:\/\/www.masiaserrahima.com\/politica-de-privacidad\/"},"modified":"2026-04-23T08:12:16","modified_gmt":"2026-04-23T08:12:16","slug":"politica-de-privacidad","status":"publish","type":"page","link":"https:\/\/www.masiaserrahima.com\/es\/politica-de-privacidad\/","title":{"rendered":"Pol\u00edtica de privacidad"},"content":{"rendered":"<div class=\"wpb-content-wrapper\"><p>[vc_row][vc_column width=\u00bb1\/6&#8243;][\/vc_column][vc_column width=\u00bb2\/3&#8243;][vc_column_text css=\u00bb\u00bb]<\/p>\n<p data-start=\"375\" data-end=\"554\">Esta pol\u00edtica de privacidad se actualiz\u00f3 por \u00faltima vez el 15 de abril de 2026 y se aplica a ciudadanos y residentes legales permanentes del Espacio Econ\u00f3mico Europeo y Suiza.<\/p>\n<p data-start=\"556\" data-end=\"581\"><strong data-start=\"556\" data-end=\"581\">1. Informaci\u00f3n general<\/strong><\/p>\n<p data-start=\"583\" data-end=\"748\">En cumplimiento del Reglamento (UE) 2016\/679 (RGPD), se informa a los usuarios del sitio web <a class=\"decorated-link\" href=\"https:\/\/www.masiaserrahima.com\/es\/\" target=\"_new\" rel=\"noopener\" data-start=\"668\" data-end=\"698\">https:\/\/www.masiaserrahima.com<\/a> sobre el tratamiento de sus datos personales.<\/p>\n<p data-start=\"750\" data-end=\"974\">El responsable del tratamiento es:<br data-start=\"783\" data-end=\"786\">SERRAHIMA 1124, S.L.<br data-start=\"806\" data-end=\"809\">NIF: B55326649<br data-start=\"823\" data-end=\"826\">Direcci\u00f3n: Masia Serrahima, 45 (17402) Joanet \u2013 Arb\u00facies \u2013 Girona<br data-start=\"888\" data-end=\"891\">Pa\u00eds: Espa\u00f1a<br data-start=\"904\" data-end=\"907\">Correo electr\u00f3nico: <a class=\"decorated-link cursor-pointer\" rel=\"noopener\" data-start=\"926\" data-end=\"949\">info@masiaserrahima.com<\/a><br data-start=\"949\" data-end=\"952\">Tel\u00e9fono: 695 173 326<\/p>\n<p data-start=\"976\" data-end=\"1014\"><strong data-start=\"976\" data-end=\"1014\">2. Datos personales que se recogen<\/strong><\/p>\n<p data-start=\"1016\" data-end=\"1311\">Este sitio web puede recoger los siguientes datos personales:<br data-start=\"1074\" data-end=\"1077\">Nombre y apellidos<br data-start=\"1090\" data-end=\"1093\">Correo electr\u00f3nico<br data-start=\"1110\" data-end=\"1113\">Tel\u00e9fono<br data-start=\"1120\" data-end=\"1123\">Datos facilitados mediante formularios de contacto<br data-start=\"1174\" data-end=\"1177\">Datos t\u00e9cnicos como la direcci\u00f3n IP, navegador, dispositivo o sistema operativo<br data-start=\"1250\" data-end=\"1253\">Preferencias relacionadas con el consentimiento de cookies<\/p>\n<p data-start=\"1313\" data-end=\"1344\"><strong data-start=\"1313\" data-end=\"1344\">3. Finalidad del tratamiento<\/strong><\/p>\n<p data-start=\"1346\" data-end=\"1759\">Los datos personales se tratan con las finalidades siguientes:<br data-start=\"1405\" data-end=\"1408\">Atender consultas o solicitudes realizadas por los usuarios<br data-start=\"1465\" data-end=\"1468\">Gestionar reservas, servicios o actividades ofrecidas en el sitio web<br data-start=\"1528\" data-end=\"1531\">Gestionar comunicaciones informativas o comerciales cuando sea procedente<br data-start=\"1601\" data-end=\"1604\">Garantizar el correcto funcionamiento del sitio web<br data-start=\"1650\" data-end=\"1653\">Analizar el uso del sitio web con finalidades estad\u00edsticas<br data-start=\"1709\" data-end=\"1712\">Cumplir con las obligaciones legales aplicables<\/p>\n<p data-start=\"1761\" data-end=\"1793\"><strong data-start=\"1761\" data-end=\"1793\">4. Base legal del tratamiento<\/strong><\/p>\n<p data-start=\"1795\" data-end=\"1986\">La base legal del tratamiento es:<br data-start=\"1827\" data-end=\"1830\">El consentimiento del usuario<br data-start=\"1857\" data-end=\"1860\">La ejecuci\u00f3n de un contrato o medidas precontractuales<br data-start=\"1911\" data-end=\"1914\">El cumplimiento de obligaciones legales<br data-start=\"1948\" data-end=\"1951\">El inter\u00e9s leg\u00edtimo del responsable<\/p>\n<p data-start=\"1988\" data-end=\"2019\"><strong data-start=\"1988\" data-end=\"2019\">5. Conservaci\u00f3n de los datos<\/strong><\/p>\n<p data-start=\"2021\" data-end=\"2235\">Los datos personales se conservar\u00e1n durante el tiempo necesario para cumplir la finalidad para la que fueron recogidos, mientras exista una relaci\u00f3n con el usuario o durante los plazos exigidos por la normativa vigente.<\/p>\n<p data-start=\"2237\" data-end=\"2269\"><strong data-start=\"2237\" data-end=\"2269\">6. Destinatarios de los datos<\/strong><\/p>\n<p data-start=\"2271\" data-end=\"2463\">Los datos personales no se comunicar\u00e1n a terceros, excepto obligaci\u00f3n legal o cuando sea necesario para la prestaci\u00f3n del servicio mediante proveedores que act\u00faan como encargados del tratamiento.<\/p>\n<p data-start=\"2465\" data-end=\"2683\">El uso de servicios como WooCommerce, Google Maps, Google Fonts, Google reCAPTCHA u otros servicios externos puede implicar transferencias internacionales de datos, garantiz\u00e1ndose en todo caso las medidas adecuadas conforme al RGPD.<\/p>\n<p data-start=\"2685\" data-end=\"2709\"><strong data-start=\"2685\" data-end=\"2709\">7. Derechos del usuario<\/strong><\/p>\n<p data-start=\"2711\" data-end=\"3031\">El usuario puede ejercer los derechos siguientes:<br data-start=\"2751\" data-end=\"2754\">Derecho de acceso a sus datos personales<br data-start=\"2794\" data-end=\"2797\">Derecho de rectificaci\u00f3n de datos inexactos<br data-start=\"2836\" data-end=\"2839\">Derecho de supresi\u00f3n de los datos<br data-start=\"2869\" data-end=\"2872\">Derecho a la limitaci\u00f3n del tratamiento<br data-start=\"2906\" data-end=\"2909\">Derecho a la portabilidad de los datos<br data-start=\"2944\" data-end=\"2947\">Derecho de oposici\u00f3n al tratamiento<br data-start=\"2976\" data-end=\"2979\">Derecho a retirar el consentimiento en cualquier momento<\/p>\n<p data-start=\"3033\" data-end=\"3115\">Para ejercer estos derechos, puede enviar una solicitud a <a class=\"decorated-link cursor-pointer\" rel=\"noopener\" data-start=\"3091\" data-end=\"3114\">info@masiaserrahima.com<\/a>.<\/p>\n<p data-start=\"3117\" data-end=\"3210\">Tambi\u00e9n tiene derecho a presentar una reclamaci\u00f3n ante la Agencia Espa\u00f1ola de Protecci\u00f3n de Datos.<\/p>\n<p data-start=\"3212\" data-end=\"3239\"><strong data-start=\"3212\" data-end=\"3239\">8. Medidas de seguridad<\/strong><\/p>\n<p data-start=\"3241\" data-end=\"3394\">El responsable aplica las medidas t\u00e9cnicas y organizativas necesarias para garantizar la seguridad, confidencialidad e integridad de los datos personales.<\/p>\n<p data-start=\"3396\" data-end=\"3416\"><strong data-start=\"3396\" data-end=\"3416\">9. Uso de cookies<\/strong><\/p>\n<p data-start=\"3418\" data-end=\"3559\">Este sitio web utiliza cookies propias y de terceros. Puede consultar toda la informaci\u00f3n correspondiente en la Pol\u00edtica de Cookies del sitio web. <\/p>\n<p data-start=\"3561\" data-end=\"3582\"><strong data-start=\"3561\" data-end=\"3582\">10. Modificaciones<\/strong><\/p>\n<p data-start=\"3584\" data-end=\"3707\">El responsable se reserva el derecho a modificar esta pol\u00edtica de privacidad para adaptarla a cambios legislativos o t\u00e9cnicos.<\/p>\n<p>[\/vc_column_text][\/vc_column][vc_column width=\u00bb1\/6&#8243;][\/vc_column][\/vc_row]<\/p>\n<\/div>","protected":false},"excerpt":{"rendered":"<p>[vc_row][vc_column width=\u00bb1\/6&#8243;][\/vc_column][vc_column width=\u00bb2\/3&#8243;][vc_column_text css=\u00bb\u00bb] Esta pol\u00edtica de privacidad se actualiz\u00f3 por \u00faltima vez el 15 de abril de 2026 y se aplica a ciudadanos y residentes legales permanentes del Espacio Econ\u00f3mico Europeo y Suiza. 1. Informaci\u00f3n general En cumplimiento del Reglamento (UE) 2016\/679 (RGPD), se informa a los usuarios del sitio web https:\/\/www.masiaserrahima.com sobre el&hellip;<\/p>\n","protected":false},"author":1,"featured_media":0,"parent":0,"menu_order":0,"comment_status":"closed","ping_status":"closed","template":"","meta":{"footnotes":""},"class_list":["post-794","page","type-page","status-publish","hentry","description-off"],"_links":{"self":[{"href":"https:\/\/www.masiaserrahima.com\/es\/wp-json\/wp\/v2\/pages\/794","targetHints":{"allow":["GET"]}}],"collection":[{"href":"https:\/\/www.masiaserrahima.com\/es\/wp-json\/wp\/v2\/pages"}],"about":[{"href":"https:\/\/www.masiaserrahima.com\/es\/wp-json\/wp\/v2\/types\/page"}],"author":[{"embeddable":true,"href":"https:\/\/www.masiaserrahima.com\/es\/wp-json\/wp\/v2\/users\/1"}],"replies":[{"embeddable":true,"href":"https:\/\/www.masiaserrahima.com\/es\/wp-json\/wp\/v2\/comments?post=794"}],"version-history":[{"count":1,"href":"https:\/\/www.masiaserrahima.com\/es\/wp-json\/wp\/v2\/pages\/794\/revisions"}],"predecessor-version":[{"id":795,"href":"https:\/\/www.masiaserrahima.com\/es\/wp-json\/wp\/v2\/pages\/794\/revisions\/795"}],"wp:attachment":[{"href":"https:\/\/www.masiaserrahima.com\/es\/wp-json\/wp\/v2\/media?parent=794"}],"curies":[{"name":"wp","href":"https:\/\/api.w.org\/{rel}","templated":true}]}}