{"id":792,"date":"2026-04-07T08:34:47","date_gmt":"2026-04-07T08:34:47","guid":{"rendered":"https:\/\/www.masiaserrahima.com\/confirmacion-de-reserva\/transaccion-fallida\/"},"modified":"2026-04-23T08:12:16","modified_gmt":"2026-04-23T08:12:16","slug":"transaccion-fallida","status":"publish","type":"page","link":"https:\/\/www.masiaserrahima.com\/es\/confirmacion-de-reserva\/transaccion-fallida\/","title":{"rendered":"Transacci\u00f3n fallida"},"content":{"rendered":"<p>Lamentablemente, tu transacci\u00f3n no se puede completar en este momento. Por favor, int\u00e9ntalo de nuevo o cont\u00e1ctanos. <\/p>\n","protected":false},"excerpt":{"rendered":"<p>Lamentablemente, tu transacci\u00f3n no se puede completar en este momento. Por favor, int\u00e9ntalo de nuevo o cont\u00e1ctanos.<\/p>\n","protected":false},"author":2,"featured_media":0,"parent":786,"menu_order":0,"comment_status":"closed","ping_status":"closed","template":"","meta":{"footnotes":""},"class_list":["post-792","page","type-page","status-publish","hentry","description-off"],"_links":{"self":[{"href":"https:\/\/www.masiaserrahima.com\/es\/wp-json\/wp\/v2\/pages\/792","targetHints":{"allow":["GET"]}}],"collection":[{"href":"https:\/\/www.masiaserrahima.com\/es\/wp-json\/wp\/v2\/pages"}],"about":[{"href":"https:\/\/www.masiaserrahima.com\/es\/wp-json\/wp\/v2\/types\/page"}],"author":[{"embeddable":true,"href":"https:\/\/www.masiaserrahima.com\/es\/wp-json\/wp\/v2\/users\/2"}],"replies":[{"embeddable":true,"href":"https:\/\/www.masiaserrahima.com\/es\/wp-json\/wp\/v2\/comments?post=792"}],"version-history":[{"count":1,"href":"https:\/\/www.masiaserrahima.com\/es\/wp-json\/wp\/v2\/pages\/792\/revisions"}],"predecessor-version":[{"id":793,"href":"https:\/\/www.masiaserrahima.com\/es\/wp-json\/wp\/v2\/pages\/792\/revisions\/793"}],"up":[{"embeddable":true,"href":"https:\/\/www.masiaserrahima.com\/es\/wp-json\/wp\/v2\/pages\/786"}],"wp:attachment":[{"href":"https:\/\/www.masiaserrahima.com\/es\/wp-json\/wp\/v2\/media?parent=792"}],"curies":[{"name":"wp","href":"https:\/\/api.w.org\/{rel}","templated":true}]}}