{"id":738,"date":"2026-03-26T13:52:33","date_gmt":"2026-03-26T13:52:33","guid":{"rendered":"https:\/\/www.masiaserrahima.com\/historia\/"},"modified":"2026-04-23T08:20:11","modified_gmt":"2026-04-23T08:20:11","slug":"historia","status":"publish","type":"page","link":"https:\/\/www.masiaserrahima.com\/es\/historia\/","title":{"rendered":"Historia"},"content":{"rendered":"<div class=\"wpb-content-wrapper\"><p>[vc_row full_width=\u00bbstretch_row\u00bb bg_type=\u00bbimage\u00bb parallax_style=\u00bbvcpb-default\u00bb bg_image_new=\u00bbid^278|url^http:\/\/www.masiaserrahima.com\/wp-content\/uploads\/2026\/03\/Serrahima-portada-historia.webp|caption^null|alt^null|title^Serrahima &#8211; portada historia|description^null\u00bb bg_image_repeat=\u00bbno-repeat\u00bb bg_img_attach=\u00bbfixed\u00bb enable_overlay=\u00bbenable_overlay_value\u00bb overlay_color=\u00bb#00000057&#8243; ult_hide_row=\u00bbult_hide_row_value\u00bb ult_hide_row_mobile=\u00bbmobile\u00bb css=\u00bb.vc_custom_1776083934808{margin-bottom: 30px !important;padding-top: 200px !important;padding-bottom: 50px !important;}\u00bb][vc_column width=\u00bb1\/2&#8243;][vc_column_text css=\u00bb.vc_custom_1774617668595{margin-bottom: 10px !important;}\u00bb el_class=\u00bbblanc\u00bb]<\/p>\n<div class=\"hero-tagline\">HISTORIA<\/div>\n<p>[\/vc_column_text][vc_separator color=\u00bbcustom\u00bb align=\u00bbalign_left\u00bb border_width=\u00bb2&#8243; el_width=\u00bb20&#8243; css=\u00bb.vc_custom_1774616500952{margin-top: 10px !important;margin-bottom: 10px !important;}\u00bb accent_color=\u00bb#881458&#8243;][vc_column_text css=\u00bb\u00bb el_class=\u00bbblanc\u00bb]<\/p>\n<div class=\"hero-tagline\">\n<section class=\"hero hero-interior\">\n<div class=\"hero-content\">\n<h1 class=\"hero-title\">Siglos de historia, un lugar para vivir<\/h1>\n<\/div>\n<\/section>\n<\/div>\n<p>[\/vc_column_text][\/vc_column][vc_column width=\u00bb1\/2&#8243;][\/vc_column][\/vc_row][vc_row full_width=\u00bbstretch_row\u00bb bg_type=\u00bbimage\u00bb parallax_style=\u00bbvcpb-default\u00bb bg_image_new=\u00bbid^278|url^http:\/\/www.masiaserrahima.com\/wp-content\/uploads\/2026\/03\/Serrahima-portada-historia.webp|caption^null|alt^null|title^Serrahima &#8211; portada historia|description^null\u00bb bg_image_repeat=\u00bbno-repeat\u00bb enable_overlay=\u00bbenable_overlay_value\u00bb overlay_color=\u00bb#00000057&#8243; ult_hide_row=\u00bbult_hide_row_value\u00bb ult_hide_row_large_screen=\u00bblarge_screen\u00bb ult_hide_row_desktop=\u00bbdesktop\u00bb ult_hide_row_tablet=\u00bbtablet\u00bb ult_hide_row_tablet_small=\u00bbxs_tablet\u00bb ult_hide_row_mobile_large=\u00bbxl_mobile\u00bb css=\u00bb.vc_custom_1776083948046{margin-bottom: 50px !important;padding-top: 80px !important;padding-bottom: 80px !important;}\u00bb][vc_column width=\u00bb1\/2&#8243;][vc_column_text css=\u00bb.vc_custom_1774617668595{margin-bottom: 10px !important;}\u00bb el_class=\u00bbblanc\u00bb]<\/p>\n<div class=\"hero-tagline\">HISTORIA<\/div>\n<p>[\/vc_column_text][vc_separator color=\u00bbcustom\u00bb align=\u00bbalign_left\u00bb border_width=\u00bb2&#8243; el_width=\u00bb20&#8243; css=\u00bb.vc_custom_1774616500952{margin-top: 10px !important;margin-bottom: 10px !important;}\u00bb accent_color=\u00bb#881458&#8243;][vc_column_text css=\u00bb\u00bb el_class=\u00bbblanc\u00bb]<\/p>\n<div class=\"hero-tagline\">\n<section class=\"hero hero-interior\">\n<div class=\"hero-content\">\n<h1 class=\"hero-title\">Siglos de historia, un lugar para vivir<\/h1>\n<\/div>\n<\/section>\n<\/div>\n<p>[\/vc_column_text][\/vc_column][vc_column width=\u00bb1\/2&#8243;][\/vc_column][\/vc_row][vc_row equal_height=\u00bbyes\u00bb content_placement=\u00bbmiddle\u00bb css=\u00bb.vc_custom_1776152771539{padding-top: 50px !important;padding-bottom: 50px !important;}\u00bb][vc_column width=\u00bb1\/2&#8243;][vc_column_text css=\u00bb\u00bb]<\/p>\n<div class=\"section-label\"><span style=\"color: #881458;\">OR\u00cdGENES<\/span><\/div>\n<p>[\/vc_column_text][vc_column_text css=\u00bb\u00bb]<\/p>\n<h2 class=\"section-title\">Una finca hist\u00f3rica en el valle de Arb\u00facies<\/h2>\n<p>[\/vc_column_text][vc_column_text css=\u00bb\u00bb]<\/p>\n<p class=\"section-body\">La mas\u00eda de Serrahima es una finca hist\u00f3rica situada en el valle de Arb\u00facies, entre el macizo del Montseny y el de Les Guilleries, con una presencia documentada que se remonta a la Edad Media. Las primeras referencias conocidas aparecen ya en los siglos XII y XIII.<\/p>\n<p class=\"section-body\">El origen de la mas\u00eda est\u00e1 estrechamente ligado a la historia rural del valle de Arb\u00facies y al desarrollo de las antiguas mas\u00edas catalanas, que combinaban la vivienda familiar con la actividad agr\u00edcola, forestal y ganadera.<\/p>\n<p>[\/vc_column_text][\/vc_column][vc_column width=\u00bb1\/2&#8243; css=\u00bb.vc_custom_1774870788119{background-position: center !important;background-repeat: no-repeat !important;background-size: cover !important;}\u00bb]<style type=\"text\/css\" data-type=\"the7_shortcodes-inline-css\">.shortcode-single-image-wrap.shortcode-single-image-aa6b03e5ca2cf60e554674300a0b5f4a.enable-bg-rollover .rollover i,\n.shortcode-single-image-wrap.shortcode-single-image-aa6b03e5ca2cf60e554674300a0b5f4a.enable-bg-rollover .rollover-video i {\n  background: -webkit-linear-gradient();\n  background: linear-gradient();\n}\n.shortcode-single-image-wrap.shortcode-single-image-aa6b03e5ca2cf60e554674300a0b5f4a .rollover-icon {\n  font-size: 32px;\n  color: #ffffff;\n  min-width: 44px;\n  min-height: 44px;\n  line-height: 44px;\n  border-radius: 100px;\n  border-style: solid;\n  border-width: 0px;\n}\n.dt-icon-bg-on.shortcode-single-image-wrap.shortcode-single-image-aa6b03e5ca2cf60e554674300a0b5f4a .rollover-icon {\n  background: rgba(255,255,255,0.3);\n  box-shadow: none;\n}<\/style><div class=\"shortcode-single-image-wrap shortcode-single-image-aa6b03e5ca2cf60e554674300a0b5f4a alignnone  enable-bg-rollover dt-icon-bg-off\" style=\"margin-top:0px; margin-bottom:0px; margin-left:0px; margin-right:0px; width:500px;\"><div class=\"shortcode-single-image\"><div class=\"fancy-media-wrap  layzr-bg\" style=\"\"><img fetchpriority=\"high\" decoding=\"async\" class=\"preload-me lazy-load aspect\" src=\"data:image\/svg+xml,%3Csvg%20xmlns%3D&#39;http%3A%2F%2Fwww.w3.org%2F2000%2Fsvg&#39;%20viewBox%3D&#39;0%200%20500%20375&#39;%2F%3E\" data-src=\"https:\/\/www.masiaserrahima.com\/wp-content\/uploads\/2026\/03\/Serrahima-foto-la-masia-500x375.webp\" data-srcset=\"https:\/\/www.masiaserrahima.com\/wp-content\/uploads\/2026\/03\/Serrahima-foto-la-masia-500x375.webp 500w, https:\/\/www.masiaserrahima.com\/wp-content\/uploads\/2026\/03\/Serrahima-foto-la-masia.webp 900w\" loading=\"eager\" sizes=\"(max-width: 500px) 100vw, 500px\" width=\"500\" height=\"375\"  data-dt-location=\"https:\/\/www.masiaserrahima.com\/es\/la-masia\/serrahima-foto-la-masia\/\" style=\"--ratio: 500 \/ 375;\" alt=\"\" \/><\/div><\/div><\/div>[\/vc_column][\/vc_row][vc_row full_width=\u00bbstretch_row\u00bb equal_height=\u00bbyes\u00bb content_placement=\u00bbmiddle\u00bb bg_type=\u00bbbg_color\u00bb css=\u00bb.vc_custom_1776152776908{margin-bottom: 0px !important;border-bottom-width: 0px !important;padding-top: 50px !important;padding-bottom: 50px !important;}\u00bb bg_color_value=\u00bb#EBE9DC\u00bb][vc_column width=\u00bb1\/6&#8243;][\/vc_column][vc_column width=\u00bb2\/3&#8243;][vc_column_text css=\u00bb\u00bb]<\/p>\n<div class=\"section-label\" style=\"text-align: left;\"><span style=\"color: #881458;\">EVOLUCI\u00d3N<\/span><\/div>\n<p>[\/vc_column_text][vc_column_text css=\u00bb.vc_custom_1774533074233{margin-bottom: 10px !important;}\u00bb]<\/p>\n<h2 class=\"section-title\">De la mas\u00eda medieval al gran caser\u00edo<\/h2>\n<p>[\/vc_column_text][vc_column_text css=\u00bb\u00bb]<\/p>\n<p class=\"section-body\">A lo largo de los siglos, la mas\u00eda fue creciendo y transform\u00e1ndose hasta convertirse en un gran conjunto arquitect\u00f3nico formado por la casa solariega, la masover\u00eda y diversas construcciones agrarias.<\/p>\n<p class=\"section-body\">Durante los siglos XVI y XVII se produjo una ampliaci\u00f3n importante de la casa, momento en que las construcciones primigenias y el recinto amurallado que proteg\u00eda la mas\u00eda se integraron en una sola unidad constructiva. Esta evoluci\u00f3n explica la estructura singular de la mas\u00eda, adaptada a la orograf\u00eda del terreno e implantada sobre una cresta de roca madre.<\/p>\n<p>[\/vc_column_text][\/vc_column][vc_column width=\u00bb1\/6&#8243;][\/vc_column][\/vc_row][vc_row full_width=\u00bbstretch_row_content_no_spaces\u00bb gap=\u00bb10&#8243; equal_height=\u00bbyes\u00bb content_placement=\u00bbmiddle\u00bb css=\u00bb.vc_custom_1774871097958{margin-top: 0px !important;margin-bottom: 0px !important;border-top-width: 0px !important;padding-top: 0px !important;padding-bottom: 0px !important;}\u00bb][vc_column width=\u00bb1\/2&#8243; css=\u00bb.vc_custom_1774871119495{margin-top: 0px !important;padding-top: 10px !important;background-position: center !important;background-repeat: no-repeat !important;background-size: cover !important;}\u00bb]<style type=\"text\/css\" data-type=\"the7_shortcodes-inline-css\">.shortcode-single-image-wrap.shortcode-single-image-b8f89a7411b2497b29723e6f7e190033.enable-bg-rollover .rollover i,\n.shortcode-single-image-wrap.shortcode-single-image-b8f89a7411b2497b29723e6f7e190033.enable-bg-rollover .rollover-video i {\n  background: -webkit-linear-gradient();\n  background: linear-gradient();\n}\n.shortcode-single-image-wrap.shortcode-single-image-b8f89a7411b2497b29723e6f7e190033 .rollover-icon {\n  font-size: 32px;\n  color: #ffffff;\n  min-width: 44px;\n  min-height: 44px;\n  line-height: 44px;\n  border-radius: 100px;\n  border-style: solid;\n  border-width: 0px;\n}\n.dt-icon-bg-on.shortcode-single-image-wrap.shortcode-single-image-b8f89a7411b2497b29723e6f7e190033 .rollover-icon {\n  background: rgba(255,255,255,0.3);\n  box-shadow: none;\n}<\/style><div class=\"shortcode-single-image-wrap shortcode-single-image-b8f89a7411b2497b29723e6f7e190033 alignnone  enable-bg-rollover dt-icon-bg-off\" style=\"margin-top:0px; margin-bottom:0px; margin-left:0px; margin-right:0px; width:960px;\"><div class=\"shortcode-single-image\"><div class=\"fancy-media-wrap  layzr-bg\" style=\"\"><img decoding=\"async\" class=\"preload-me lazy-load aspect\" src=\"data:image\/svg+xml,%3Csvg%20xmlns%3D&#39;http%3A%2F%2Fwww.w3.org%2F2000%2Fsvg&#39;%20viewBox%3D&#39;0%200%20960%20500&#39;%2F%3E\" data-src=\"https:\/\/www.masiaserrahima.com\/wp-content\/uploads\/2026\/03\/Serrahima-historia-1-960x500.webp\" data-srcset=\"https:\/\/www.masiaserrahima.com\/wp-content\/uploads\/2026\/03\/Serrahima-historia-1-960x500.webp 960w, https:\/\/www.masiaserrahima.com\/wp-content\/uploads\/2026\/03\/Serrahima-historia-1-1000x520.webp 1000w\" loading=\"eager\" sizes=\"(max-width: 960px) 100vw, 960px\" width=\"960\" height=\"500\"  data-dt-location=\"https:\/\/www.masiaserrahima.com\/es\/historia\/serrahima-historia-1\/\" style=\"--ratio: 960 \/ 500;\" alt=\"\" \/><\/div><\/div><\/div>[\/vc_column][vc_column width=\u00bb1\/2&#8243; css=\u00bb.vc_custom_1774871114880{margin-top: 0px !important;padding-top: 10px !important;background-position: center !important;background-repeat: no-repeat !important;background-size: cover !important;}\u00bb]<style type=\"text\/css\" data-type=\"the7_shortcodes-inline-css\">.shortcode-single-image-wrap.shortcode-single-image-0bb7b2bd0030e5ea50d88fc003f55499.enable-bg-rollover .rollover i,\n.shortcode-single-image-wrap.shortcode-single-image-0bb7b2bd0030e5ea50d88fc003f55499.enable-bg-rollover .rollover-video i {\n  background: -webkit-linear-gradient();\n  background: linear-gradient();\n}\n.shortcode-single-image-wrap.shortcode-single-image-0bb7b2bd0030e5ea50d88fc003f55499 .rollover-icon {\n  font-size: 32px;\n  color: #ffffff;\n  min-width: 44px;\n  min-height: 44px;\n  line-height: 44px;\n  border-radius: 100px;\n  border-style: solid;\n  border-width: 0px;\n}\n.dt-icon-bg-on.shortcode-single-image-wrap.shortcode-single-image-0bb7b2bd0030e5ea50d88fc003f55499 .rollover-icon {\n  background: rgba(255,255,255,0.3);\n  box-shadow: none;\n}<\/style><div class=\"shortcode-single-image-wrap shortcode-single-image-0bb7b2bd0030e5ea50d88fc003f55499 alignnone  enable-bg-rollover dt-icon-bg-off\" style=\"margin-top:0px; margin-bottom:0px; margin-left:0px; margin-right:0px; width:960px;\"><div class=\"shortcode-single-image\"><div class=\"fancy-media-wrap  layzr-bg\" style=\"\"><img decoding=\"async\" class=\"preload-me lazy-load aspect\" src=\"data:image\/svg+xml,%3Csvg%20xmlns%3D&#39;http%3A%2F%2Fwww.w3.org%2F2000%2Fsvg&#39;%20viewBox%3D&#39;0%200%20960%20500&#39;%2F%3E\" data-src=\"https:\/\/www.masiaserrahima.com\/wp-content\/uploads\/2026\/03\/Serrahima-historia-2-960x500.webp\" data-srcset=\"https:\/\/www.masiaserrahima.com\/wp-content\/uploads\/2026\/03\/Serrahima-historia-2-960x500.webp 960w, https:\/\/www.masiaserrahima.com\/wp-content\/uploads\/2026\/03\/Serrahima-historia-2-1000x520.webp 1000w\" loading=\"eager\" sizes=\"(max-width: 960px) 100vw, 960px\" width=\"960\" height=\"500\"  data-dt-location=\"https:\/\/www.masiaserrahima.com\/es\/historia\/serrahima-historia-2\/\" style=\"--ratio: 960 \/ 500;\" alt=\"\" \/><\/div><\/div><\/div>[\/vc_column][\/vc_row][vc_row equal_height=\u00bbyes\u00bb content_placement=\u00bbmiddle\u00bb css=\u00bb.vc_custom_1776152784117{padding-top: 50px !important;padding-bottom: 50px !important;}\u00bb][vc_column width=\u00bb1\/6&#8243;][\/vc_column][vc_column width=\u00bb2\/3&#8243; css=\u00bb.vc_custom_1774607798659{background-position: center !important;background-repeat: no-repeat !important;background-size: cover !important;}\u00bb][vc_column_text css=\u00bb\u00bb]<\/p>\n<div class=\"section-label\"><span style=\"color: #881458;\">PATRIMONIO Y RECONOCIMIENTO<\/span><\/div>\n<p>[\/vc_column_text][vc_column_text css=\u00bb\u00bb]<\/p>\n<h2 class=\"section-title\">Patrimonio catalogado<\/h2>\n<p>[\/vc_column_text][vc_column_text css=\u00bb\u00bb]<\/p>\n<p class=\"section-body\">Serrahima aparece en diversas fuentes hist\u00f3ricas y estudios sobre el territorio. El Inventario de Patrimonio Arquitect\u00f3nico de la Generalitat de Catalu\u00f1a la describe como un gran caser\u00edo rural con diversos cuerpos constructivos que se han ido a\u00f1adiendo a lo largo de los siglos.<\/p>\n<p class=\"section-body\">La mas\u00eda ha estado vinculada, desde sus inicios, a la misma familia que lleva el apellido Serrahima, manteniendo la propiedad y la gesti\u00f3n de la finca a lo largo de generaciones.<\/p>\n<p>[\/vc_column_text][\/vc_column][vc_column width=\u00bb1\/6&#8243;][\/vc_column][\/vc_row][vc_row full_width=\u00bbstretch_row\u00bb bg_type=\u00bbbg_color\u00bb bg_color_value=\u00bb#2D2D32&#8243; css=\u00bb.vc_custom_1776152789183{padding-top: 50px !important;padding-bottom: 50px !important;}\u00bb][vc_column width=\u00bb1\/6&#8243;][\/vc_column][vc_column width=\u00bb2\/3&#8243;]<style type=\"text\/css\" data-type=\"the7_shortcodes-inline-css\">.shortcode-single-image-wrap.shortcode-single-image-1916832ce975178076997fa9dd827798.enable-bg-rollover .rollover i,\n.shortcode-single-image-wrap.shortcode-single-image-1916832ce975178076997fa9dd827798.enable-bg-rollover .rollover-video i {\n  background: -webkit-linear-gradient();\n  background: linear-gradient();\n}\n.shortcode-single-image-wrap.shortcode-single-image-1916832ce975178076997fa9dd827798 .rollover-icon {\n  font-size: 32px;\n  color: #ffffff;\n  min-width: 44px;\n  min-height: 44px;\n  line-height: 44px;\n  border-radius: 100px;\n  border-style: solid;\n  border-width: 0px;\n}\n.dt-icon-bg-on.shortcode-single-image-wrap.shortcode-single-image-1916832ce975178076997fa9dd827798 .rollover-icon {\n  background: rgba(255,255,255,0.3);\n  box-shadow: none;\n}<\/style><div class=\"shortcode-single-image-wrap shortcode-single-image-1916832ce975178076997fa9dd827798 alignnone flipInY animate-element  enable-bg-rollover dt-icon-bg-off quick-scale-img\" style=\"margin-top:0px; margin-bottom:0px; margin-left:0px; margin-right:0px; width:300px;\"><div class=\"shortcode-single-image\"><div class=\"fancy-media-wrap  layzr-bg\" style=\"\"><img decoding=\"async\" class=\"preload-me lazy-load aspect\" src=\"data:image\/svg+xml,%3Csvg%20xmlns%3D&#39;http%3A%2F%2Fwww.w3.org%2F2000%2Fsvg&#39;%20viewBox%3D&#39;0%200%20300%20175&#39;%2F%3E\" data-src=\"https:\/\/www.masiaserrahima.com\/wp-content\/uploads\/2026\/03\/serrahima-separador.svg\" data-srcset=\"https:\/\/www.masiaserrahima.com\/wp-content\/uploads\/2026\/03\/serrahima-separador.svg 300w\" loading=\"eager\" sizes=\"(max-width: 300px) 100vw, 300px\" width=\"300\" height=\"175\"  data-dt-location=\"https:\/\/www.masiaserrahima.com\/es\/inici\/serrahima-separador-2\/\" style=\"--ratio: 300 \/ 175;\" alt=\"\" \/><\/div><\/div><\/div>[vc_empty_space height=\u00bb10&#8243;][vc_column_text css=\u00bb.vc_custom_1774607931200{margin-bottom: 15px !important;}\u00bb el_class=\u00bbblanc\u00bb]<\/p>\n<p class=\"section-label\" style=\"text-align: center;\">HOY<span style=\"color: #881458;\"><br \/>\n<\/span><\/p>\n<p>[\/vc_column_text][vc_column_text css=\u00bb.vc_custom_1774607936938{margin-bottom: 15px !important;}\u00bb el_class=\u00bbblanc\u00bb]<\/p>\n<h2 class=\"section-title\" style=\"text-align: center;\">Una nueva vida para una casa centenaria<\/h2>\n<p>[\/vc_column_text][vc_column_text css=\u00bb.vc_custom_1774607943926{margin-bottom: 15px !important;}\u00bb el_class=\u00bbblanc\u00bb]<\/p>\n<p class=\"section-body\" style=\"text-align: center;\">Hoy, la rehabilitaci\u00f3n de una parte de la mas\u00eda permite darle una nueva vida a trav\u00e9s del turismo rural, preservando al mismo tiempo el patrimonio arquitect\u00f3nico, su esencia y el paisaje que la rodea.<\/p>\n<p class=\"section-body\" style=\"text-align: center;\">La mas\u00eda de Serrahima contin\u00faa un tramo m\u00e1s de historia que ya suma siglos, manteniendo el v\u00ednculo con su entorno, el bosque y la vida rural. Hoy abre sus puertas para que pod\u00e1is vivir unos d\u00edas de calma y autenticidad en una casa arraigada al territorio.<\/p>\n<p>[\/vc_column_text][vc_empty_space height=\u00bb30&#8243;][\/vc_column][vc_column width=\u00bb1\/6&#8243;][\/vc_column][\/vc_row][vc_row full_width=\u00bbstretch_row\u00bb bg_type=\u00bbbg_color\u00bb css=\u00bb.vc_custom_1776083171032{padding-top: 100px !important;padding-bottom: 100px !important;}\u00bb bg_color_value=\u00bb#EBE9DC\u00bb][vc_column width=\u00bb1\/6&#8243;][\/vc_column][vc_column width=\u00bb2\/3&#8243;][vc_column_text css=\u00bb.vc_custom_1774532186742{margin-bottom: 15px !important;}\u00bb el_class=\u00bbblanc\u00bb]<\/p>\n<p class=\"section-label\" style=\"text-align: center;\"><span style=\"color: #881458;\">RESERVA<\/span><\/p>\n<p>[\/vc_column_text][vc_column_text css=\u00bb.vc_custom_1774607991832{margin-bottom: 15px !important;}\u00bb]<\/p>\n<h2 style=\"text-align: center;\">Vive la historia<\/h2>\n<p>[\/vc_column_text][vc_column_text css=\u00bb.vc_custom_1774607996628{margin-bottom: 15px !important;}\u00bb]<\/p>\n<p class=\"section-body\" style=\"text-align: center;\">Reserva tu estancia en Masia Serrahima.<\/p>\n<p>[\/vc_column_text][vc_empty_space height=\u00bb30&#8243;][vc_row_inner][vc_column_inner css=\u00bb.vc_custom_1776084075362{margin-right: 0px !important;padding-right: 0px !important;}\u00bb]<style type=\"text\/css\" data-type=\"the7_shortcodes-inline-css\">#default-btn-3b03df05983987a24f6bbddaae770c49.ico-right-side > i {\n  margin-right: 0px;\n  margin-left: 8px;\n}\n#default-btn-3b03df05983987a24f6bbddaae770c49 > i {\n  margin-right: 8px;\n}<\/style><div class=\"btn-align-center\"><a href=\"https:\/\/www.masiaserrahima.com\/tarifes\/#!\/reserva\" class=\"default-btn-shortcode dt-btn dt-btn-m link-hover-off  vc_custom_1776165352137\" id=\"default-btn-3b03df05983987a24f6bbddaae770c49\"><span>Consultar disponibilidad<\/span><\/a><\/div>[vc_empty_space height=\u00bb30&#8243;]<style type=\"text\/css\" data-type=\"the7_shortcodes-inline-css\">#default-btn-b5e7acaa0756389ba13ac37cfbdafe49 {\n  border-radius: 0px;\n  font-size: 16px;\n  line-height: 18px;\n}\n.btn-shadow#default-btn-b5e7acaa0756389ba13ac37cfbdafe49 {\n  box-shadow: 0 1px 6px rgba(0,0,0,0.12);\n  transition: box-shadow 0.2s ease-out, opacity 0.45s;\n}\n.btn-shadow#default-btn-b5e7acaa0756389ba13ac37cfbdafe49:hover {\n  box-shadow: 0 5px 11px 0 rgba(0,0,0,0.18), 0 4px 15px 0 rgba(0,0,0,0.15);\n}\n.btn-3d#default-btn-b5e7acaa0756389ba13ac37cfbdafe49:hover {\n  box-shadow: 0px 2px 0px 0px #111111;\n}\n.btn-flat#default-btn-b5e7acaa0756389ba13ac37cfbdafe49 {\n  box-shadow: none;\n}\n.btn-flat#default-btn-b5e7acaa0756389ba13ac37cfbdafe49:hover {\n  box-shadow: none;\n}\n#default-btn-b5e7acaa0756389ba13ac37cfbdafe49.ico-right-side > i {\n  margin-right: 0px;\n  margin-left: 8px;\n}\n#default-btn-b5e7acaa0756389ba13ac37cfbdafe49 > i {\n  margin-right: 8px;\n  font-size: 12px;\n}\n#default-btn-b5e7acaa0756389ba13ac37cfbdafe49:not(:hover) {\n  border-width: 1px;\n  border-color: #2D2D32 !important;\n  color: #2D2D32;\n  background: none !important;\n  padding: 10px 25px 10px 25px;\n}\n#default-btn-b5e7acaa0756389ba13ac37cfbdafe49:not(:hover) * {\n  color: #2D2D32;\n}\n#default-btn-b5e7acaa0756389ba13ac37cfbdafe49:hover {\n  border-width: 1px;\n  border-color: #2D2D32 !important;\n  color: #FFFFFF;\n  background: #2D2D32 !important;\n  padding: 10px 25px 10px 25px;\n}\n#default-btn-b5e7acaa0756389ba13ac37cfbdafe49:hover * {\n  color: #FFFFFF;\n}\n#default-btn-b5e7acaa0756389ba13ac37cfbdafe49.ico-right-side > i {\n  margin-right: 0px;\n  margin-left: 8px;\n}\n#default-btn-b5e7acaa0756389ba13ac37cfbdafe49 > i {\n  margin-right: 8px;\n}<\/style><div class=\"btn-align-center\"><a href=\"https:\/\/www.masiaserrahima.com\/la-masia\/\" class=\"default-btn-shortcode dt-btn link-hover-off btn-flat  vc_custom_1776084142451\" id=\"default-btn-b5e7acaa0756389ba13ac37cfbdafe49\" title=\"La masia\"><span>VER LA CASA<\/span><\/a><\/div>[\/vc_column_inner][\/vc_row_inner][\/vc_column][vc_column width=\u00bb1\/6&#8243;][\/vc_column][\/vc_row]<\/p>\n<\/div>","protected":false},"excerpt":{"rendered":"<p>[vc_row full_width=\u00bbstretch_row\u00bb bg_type=\u00bbimage\u00bb parallax_style=\u00bbvcpb-default\u00bb bg_image_new=\u00bbid^278|url^http:\/\/www.masiaserrahima.com\/wp-content\/uploads\/2026\/03\/Serrahima-portada-historia.webp|caption^null|alt^null|title^Serrahima &#8211; portada historia|description^null\u00bb bg_image_repeat=\u00bbno-repeat\u00bb bg_img_attach=\u00bbfixed\u00bb enable_overlay=\u00bbenable_overlay_value\u00bb overlay_color=\u00bb#00000057&#8243; ult_hide_row=\u00bbult_hide_row_value\u00bb ult_hide_row_mobile=\u00bbmobile\u00bb css=\u00bb.vc_custom_1776083934808{margin-bottom: 30px !important;padding-top: 200px !important;padding-bottom: 50px !important;}\u00bb][vc_column width=\u00bb1\/2&#8243;][vc_column_text css=\u00bb.vc_custom_1774617668595{margin-bottom: 10px !important;}\u00bb el_class=\u00bbblanc\u00bb] HISTORIA [\/vc_column_text][vc_separator color=\u00bbcustom\u00bb align=\u00bbalign_left\u00bb border_width=\u00bb2&#8243; el_width=\u00bb20&#8243; css=\u00bb.vc_custom_1774616500952{margin-top: 10px !important;margin-bottom: 10px !important;}\u00bb accent_color=\u00bb#881458&#8243;][vc_column_text css=\u00bb\u00bb el_class=\u00bbblanc\u00bb] Siglos de historia, un lugar para vivir [\/vc_column_text][\/vc_column][vc_column width=\u00bb1\/2&#8243;][\/vc_column][\/vc_row][vc_row full_width=\u00bbstretch_row\u00bb bg_type=\u00bbimage\u00bb parallax_style=\u00bbvcpb-default\u00bb bg_image_new=\u00bbid^278|url^http:\/\/www.masiaserrahima.com\/wp-content\/uploads\/2026\/03\/Serrahima-portada-historia.webp|caption^null|alt^null|title^Serrahima &#8211; portada&hellip;<\/p>\n","protected":false},"author":2,"featured_media":0,"parent":0,"menu_order":0,"comment_status":"closed","ping_status":"closed","template":"","meta":{"footnotes":""},"class_list":["post-738","page","type-page","status-publish","hentry","description-off"],"_links":{"self":[{"href":"https:\/\/www.masiaserrahima.com\/es\/wp-json\/wp\/v2\/pages\/738","targetHints":{"allow":["GET"]}}],"collection":[{"href":"https:\/\/www.masiaserrahima.com\/es\/wp-json\/wp\/v2\/pages"}],"about":[{"href":"https:\/\/www.masiaserrahima.com\/es\/wp-json\/wp\/v2\/types\/page"}],"author":[{"embeddable":true,"href":"https:\/\/www.masiaserrahima.com\/es\/wp-json\/wp\/v2\/users\/2"}],"replies":[{"embeddable":true,"href":"https:\/\/www.masiaserrahima.com\/es\/wp-json\/wp\/v2\/comments?post=738"}],"version-history":[{"count":3,"href":"https:\/\/www.masiaserrahima.com\/es\/wp-json\/wp\/v2\/pages\/738\/revisions"}],"predecessor-version":[{"id":816,"href":"https:\/\/www.masiaserrahima.com\/es\/wp-json\/wp\/v2\/pages\/738\/revisions\/816"}],"wp:attachment":[{"href":"https:\/\/www.masiaserrahima.com\/es\/wp-json\/wp\/v2\/media?parent=738"}],"curies":[{"name":"wp","href":"https:\/\/api.w.org\/{rel}","templated":true}]}}