{"id":713,"date":"2026-04-15T09:59:03","date_gmt":"2026-04-15T09:59:03","guid":{"rendered":"https:\/\/www.masiaserrahima.com\/aviso-legal\/"},"modified":"2026-04-23T08:12:16","modified_gmt":"2026-04-23T08:12:16","slug":"aviso-legal","status":"publish","type":"page","link":"https:\/\/www.masiaserrahima.com\/es\/aviso-legal\/","title":{"rendered":"Aviso legal"},"content":{"rendered":"<div class=\"wpb-content-wrapper\"><p>[vc_row][vc_column width=\u00bb1\/6&#8243;][\/vc_column][vc_column width=\u00bb2\/3&#8243;][vc_column_text]<\/p>\n<p data-start=\"3730\" data-end=\"3758\"><strong data-start=\"3730\" data-end=\"3758\">1. Dades identificatives<\/strong><\/p>\n<p data-start=\"3760\" data-end=\"3910\">En compliment de la Llei 34\/2002, de serveis de la societat de la informaci\u00f3 i del comer\u00e7 electr\u00f2nic, s\u2019informa que aquest lloc web \u00e9s titularitat de:<\/p>\n<p data-start=\"3912\" data-end=\"4127\">SERRAHIMA 1124, S.L.<br data-start=\"3932\" data-end=\"3935\" \/>NIF: B55326649<br data-start=\"3949\" data-end=\"3952\" \/>Adre\u00e7a: Masia Serrahima, 45 (17402) Joanet \u2013 Arb\u00facies \u2013 Girona<br data-start=\"4014\" data-end=\"4017\" \/>Correu electr\u00f2nic: <a class=\"decorated-link cursor-pointer\" rel=\"noopener\" data-start=\"4036\" data-end=\"4059\">info@masiaserrahima.com<\/a><br data-start=\"4059\" data-end=\"4062\" \/>Tel\u00e8fon: 695 173 326<br data-start=\"4082\" data-end=\"4085\" \/>Lloc web: <a class=\"decorated-link\" href=\"https:\/\/www.masiaserrahima.com\/es\/\" target=\"_new\" rel=\"noopener\" data-start=\"4095\" data-end=\"4125\">https:\/\/www.masiaserrahima.com<\/a><\/p>\n<p data-start=\"4129\" data-end=\"4143\"><strong data-start=\"4129\" data-end=\"4143\">2. Objecte<\/strong><\/p>\n<p data-start=\"4145\" data-end=\"4261\">Aquest lloc web t\u00e9 com a finalitat oferir informaci\u00f3 sobre els serveis, activitats i allotjament de Masia Serrahima.<\/p>\n<p data-start=\"4263\" data-end=\"4366\">L\u2019acc\u00e9s i \u00fas del lloc web atribueix la condici\u00f3 d\u2019usuari i implica l\u2019acceptaci\u00f3 del present av\u00eds legal.<\/p>\n<p data-start=\"4368\" data-end=\"4390\"><strong data-start=\"4368\" data-end=\"4390\">3. Condicions d\u2019\u00fas<\/strong><\/p>\n<p data-start=\"4392\" data-end=\"4576\">L\u2019usuari es compromet a utilitzar el lloc web de conformitat amb la llei, la bona fe i l\u2019ordre p\u00fablic, i a no realitzar activitats que puguin danyar el lloc web o els drets de tercers.<\/p>\n<p data-start=\"4578\" data-end=\"4621\"><strong data-start=\"4578\" data-end=\"4621\">4. Propietat intel\u00b7lectual i industrial<\/strong><\/p>\n<p data-start=\"4623\" data-end=\"4827\">Tots els continguts del lloc web, incloent textos, imatges, dissenys, logotips, fotografies i codi font, s\u00f3n titularitat del responsable o de tercers autoritzats i estan protegits per la normativa vigent.<\/p>\n<p data-start=\"4829\" data-end=\"4909\">Queda prohibida la seva reproducci\u00f3 total o parcial sense autoritzaci\u00f3 expressa.<\/p>\n<p data-start=\"4911\" data-end=\"4933\"><strong data-start=\"4911\" data-end=\"4933\">5. Responsabilitat<\/strong><\/p>\n<p data-start=\"4935\" data-end=\"5079\">El titular no es fa responsable de possibles errors t\u00e8cnics, interrupcions del servei o de l\u2019\u00fas indegut de la informaci\u00f3 continguda al lloc web.<\/p>\n<p data-start=\"5081\" data-end=\"5104\"><strong data-start=\"5081\" data-end=\"5104\">6. Enlla\u00e7os externs<\/strong><\/p>\n<p data-start=\"5106\" data-end=\"5250\">Aquest lloc web pot contenir enlla\u00e7os a llocs web de tercers. El titular no assumeix cap responsabilitat sobre els seus continguts o pol\u00edtiques.<\/p>\n<p data-start=\"5252\" data-end=\"5279\"><strong data-start=\"5252\" data-end=\"5279\">7. Legislaci\u00f3 aplicable<\/strong><\/p>\n<p data-start=\"5281\" data-end=\"5429\">La relaci\u00f3 entre l\u2019usuari i el titular es regeix per la legislaci\u00f3 espanyola. Qualsevol controv\u00e8rsia se sotmetr\u00e0 als jutjats i tribunals competents.<\/p>\n<p>[\/vc_column_text][\/vc_column][vc_column width=\u00bb1\/6&#8243;][\/vc_column][\/vc_row]<\/p>\n<\/div>","protected":false},"excerpt":{"rendered":"<p>[vc_row][vc_column width=\u00bb1\/6&#8243;][\/vc_column][vc_column width=\u00bb2\/3&#8243;][vc_column_text] 1. Dades identificatives En compliment de la Llei 34\/2002, de serveis de la societat de la informaci\u00f3 i del comer\u00e7 electr\u00f2nic, s\u2019informa que aquest lloc web \u00e9s titularitat de: SERRAHIMA 1124, S.L.NIF: B55326649Adre\u00e7a: Masia Serrahima, 45 (17402) Joanet \u2013 Arb\u00facies \u2013 GironaCorreu electr\u00f2nic: info@masiaserrahima.comTel\u00e8fon: 695 173 326Lloc web: https:\/\/www.masiaserrahima.com 2. Objecte Aquest&hellip;<\/p>\n","protected":false},"author":2,"featured_media":0,"parent":0,"menu_order":0,"comment_status":"closed","ping_status":"closed","template":"","meta":{"footnotes":""},"class_list":["post-713","page","type-page","status-publish","hentry","description-off"],"_links":{"self":[{"href":"https:\/\/www.masiaserrahima.com\/es\/wp-json\/wp\/v2\/pages\/713","targetHints":{"allow":["GET"]}}],"collection":[{"href":"https:\/\/www.masiaserrahima.com\/es\/wp-json\/wp\/v2\/pages"}],"about":[{"href":"https:\/\/www.masiaserrahima.com\/es\/wp-json\/wp\/v2\/types\/page"}],"author":[{"embeddable":true,"href":"https:\/\/www.masiaserrahima.com\/es\/wp-json\/wp\/v2\/users\/2"}],"replies":[{"embeddable":true,"href":"https:\/\/www.masiaserrahima.com\/es\/wp-json\/wp\/v2\/comments?post=713"}],"version-history":[{"count":3,"href":"https:\/\/www.masiaserrahima.com\/es\/wp-json\/wp\/v2\/pages\/713\/revisions"}],"predecessor-version":[{"id":851,"href":"https:\/\/www.masiaserrahima.com\/es\/wp-json\/wp\/v2\/pages\/713\/revisions\/851"}],"wp:attachment":[{"href":"https:\/\/www.masiaserrahima.com\/es\/wp-json\/wp\/v2\/media?parent=713"}],"curies":[{"name":"wp","href":"https:\/\/api.w.org\/{rel}","templated":true}]}}